{"id":24247,"date":"2024-01-09T20:03:01","date_gmt":"2024-01-09T13:03:01","guid":{"rendered":"https:\/\/www.lntn203.com\/w\/?page_id=24247"},"modified":"2024-01-13T20:59:49","modified_gmt":"2024-01-13T13:59:49","slug":"home","status":"publish","type":"page","link":"https:\/\/www.lntn203.com\/w\/","title":{"rendered":"Home"},"content":{"rendered":"\t\t<div data-elementor-type=\"wp-page\" data-elementor-id=\"24247\" class=\"elementor elementor-24247\" data-elementor-post-type=\"page\">\n\t\t\t\t<div class=\"elementor-element elementor-element-aab61bc e-con-full e-flex e-con e-parent\" data-id=\"aab61bc\" data-element_type=\"container\">\n\t\t\t\t<div class=\"elementor-element elementor-element-c3b40f7 elementor-grid-1 elementor-posts--thumbnail-none elementor-grid-tablet-2 elementor-grid-mobile-1 elementor-widget elementor-widget-posts\" data-id=\"c3b40f7\" data-element_type=\"widget\" data-settings=\"{&quot;classic_columns&quot;:&quot;1&quot;,&quot;classic_row_gap&quot;:{&quot;unit&quot;:&quot;px&quot;,&quot;size&quot;:15,&quot;sizes&quot;:[]},&quot;pagination_type&quot;:&quot;numbers_and_prev_next&quot;,&quot;classic_columns_tablet&quot;:&quot;2&quot;,&quot;classic_columns_mobile&quot;:&quot;1&quot;,&quot;classic_row_gap_tablet&quot;:{&quot;unit&quot;:&quot;px&quot;,&quot;size&quot;:&quot;&quot;,&quot;sizes&quot;:[]},&quot;classic_row_gap_mobile&quot;:{&quot;unit&quot;:&quot;px&quot;,&quot;size&quot;:&quot;&quot;,&quot;sizes&quot;:[]}}\" data-widget_type=\"posts.classic\">\n\t\t\t\t<div class=\"elementor-widget-container\">\n\t\t\t\t\t\t\t<div class=\"elementor-posts-container elementor-posts elementor-posts--skin-classic elementor-grid\">\n\t\t\t\t<article class=\"elementor-post elementor-grid-item post-26029 post type-post status-publish format-standard hentry category-uncategorized\">\n\t\t\t\t<div class=\"elementor-post__text\">\n\t\t\t\t<h3 class=\"elementor-post__title\">\n\t\t\t<a href=\"https:\/\/www.lntn203.com\/w\/aws-eks-pod-identity-association\/\" >\n\t\t\t\tAWS EKS pod-identity-association\t\t\t<\/a>\n\t\t<\/h3>\n\t\t\t\t<div class=\"elementor-post__meta-data\">\n\t\t\t\t\t<span class=\"elementor-post-date\">\n\t\t\tApril 3, 2026\t\t<\/span>\n\t\t\t\t<span class=\"elementor-post-avatar\">\n\t\t\tNo Comments\t\t<\/span>\n\t\t\t\t<\/div>\n\t\t\t\t<div class=\"elementor-post__excerpt\">\n\t\t\t<p>The association is a two-sided thing \u2014 the AWS side links (namespace, serviceAccount) \u2192 IAM role, and the Kubernetes side is just which SA a<\/p>\n\t\t<\/div>\n\t\t\n\t\t<a class=\"elementor-post__read-more\" href=\"https:\/\/www.lntn203.com\/w\/aws-eks-pod-identity-association\/\" aria-label=\"Read more about AWS EKS pod-identity-association\" tabindex=\"-1\" >\n\t\t\tRead More \u00bb\t\t<\/a>\n\n\t\t\t\t<\/div>\n\t\t\t\t<\/article>\n\t\t\t\t<article class=\"elementor-post elementor-grid-item post-26018 post type-post status-publish format-standard hentry category-uncategorized\">\n\t\t\t\t<div class=\"elementor-post__text\">\n\t\t\t\t<h3 class=\"elementor-post__title\">\n\t\t\t<a href=\"https:\/\/www.lntn203.com\/w\/can-ho-danh-cho-ai\/\" >\n\t\t\t\tC\u0103n h\u1ed9 d\u00e0nh cho ai !\t\t\t<\/a>\n\t\t<\/h3>\n\t\t\t\t<div class=\"elementor-post__meta-data\">\n\t\t\t\t\t<span class=\"elementor-post-date\">\n\t\t\tMarch 31, 2026\t\t<\/span>\n\t\t\t\t<span class=\"elementor-post-avatar\">\n\t\t\tNo Comments\t\t<\/span>\n\t\t\t\t<\/div>\n\t\t\t\t<div class=\"elementor-post__excerpt\">\n\t\t\t<p>\u0110\u1ea5t gi\u00e1 20 tr\u0111\/m2 th\u00ec c\u0103n h\u1ed9 s\u1ebd l\u00e0 20:5:0.6 = 7trd X\u00e2y nh\u00e0 li\u1ec1n th\u1ed5 tr\u1ec7t + 1 l\u1ea7u gi\u00e1 8 tr\u0111\/m2 th\u00ec c\u0103n<\/p>\n\t\t<\/div>\n\t\t\n\t\t<a class=\"elementor-post__read-more\" href=\"https:\/\/www.lntn203.com\/w\/can-ho-danh-cho-ai\/\" aria-label=\"Read more about C\u0103n h\u1ed9 d\u00e0nh cho ai !\" tabindex=\"-1\" >\n\t\t\tRead More \u00bb\t\t<\/a>\n\n\t\t\t\t<\/div>\n\t\t\t\t<\/article>\n\t\t\t\t<article class=\"elementor-post elementor-grid-item post-25880 post type-post status-publish format-standard hentry category-uncategorized\">\n\t\t\t\t<div class=\"elementor-post__text\">\n\t\t\t\t<h3 class=\"elementor-post__title\">\n\t\t\t<a href=\"https:\/\/www.lntn203.com\/w\/vi-sao-trung-luu-viet-nam-sap-bi-ban-cung-hoa-boi-vi-can-ho-chung-cu\/\" >\n\t\t\t\tV\u00cc SAO TRUNG L\u01afU VI\u1ec6T NAM S\u1eaeP B\u1eca \u201cB\u1ea6N C\u00d9NG H\u00d3A\u201d b\u1edfi v\u00ec C\u0103n H\u1ed9 Chung C\u01b0.\t\t\t<\/a>\n\t\t<\/h3>\n\t\t\t\t<div class=\"elementor-post__meta-data\">\n\t\t\t\t\t<span class=\"elementor-post-date\">\n\t\t\tMarch 15, 2026\t\t<\/span>\n\t\t\t\t<span class=\"elementor-post-avatar\">\n\t\t\tNo Comments\t\t<\/span>\n\t\t\t\t<\/div>\n\t\t\t\t<div class=\"elementor-post__excerpt\">\n\t\t\t<p>L\u1ea5y s\u1ed1 m\u00e9t vu\u00f4ng \u0111\u1ea5t tr\u00ean s\u1ed5 \u0111\u1ecf c\u1ee7a chung c\u01b0 chia ra t\u1ed5ng s\u1ed1 c\u0103n h\u1ed9 s\u1ebd th\u1ea5y l\u00e0 m\u1ed7i c\u0103n h\u1ed9 chung c\u01b0<\/p>\n\t\t<\/div>\n\t\t\n\t\t<a class=\"elementor-post__read-more\" href=\"https:\/\/www.lntn203.com\/w\/vi-sao-trung-luu-viet-nam-sap-bi-ban-cung-hoa-boi-vi-can-ho-chung-cu\/\" aria-label=\"Read more about V\u00cc SAO TRUNG L\u01afU VI\u1ec6T NAM S\u1eaeP B\u1eca \u201cB\u1ea6N C\u00d9NG H\u00d3A\u201d b\u1edfi v\u00ec C\u0103n H\u1ed9 Chung C\u01b0.\" tabindex=\"-1\" >\n\t\t\tRead More \u00bb\t\t<\/a>\n\n\t\t\t\t<\/div>\n\t\t\t\t<\/article>\n\t\t\t\t<article class=\"elementor-post elementor-grid-item post-25851 post type-post status-publish format-standard hentry category-uncategorized\">\n\t\t\t\t<div class=\"elementor-post__text\">\n\t\t\t\t<h3 class=\"elementor-post__title\">\n\t\t\t<a href=\"https:\/\/www.lntn203.com\/w\/moi-thu-claude-code-co-the-lam-ma-ban-chua-tung-thu\/\" >\n\t\t\t\tM\u1ecdi th\u1ee9 Claude Code c\u00f3 th\u1ec3 l\u00e0m m\u00e0 b\u1ea1n ch\u01b0a t\u1eebng th\u1eed\t\t\t<\/a>\n\t\t<\/h3>\n\t\t\t\t<div class=\"elementor-post__meta-data\">\n\t\t\t\t\t<span class=\"elementor-post-date\">\n\t\t\tMarch 12, 2026\t\t<\/span>\n\t\t\t\t<span class=\"elementor-post-avatar\">\n\t\t\tNo Comments\t\t<\/span>\n\t\t\t\t<\/div>\n\t\t\t\t<div class=\"elementor-post__excerpt\">\n\t\t\t<p>Claude Code l\u00e0m \u0111\u01b0\u1ee3c nhi\u1ec1u h\u01a1n r\u1ea5t nhi\u1ec1u so v\u1edbi vi\u1ec7c vi\u1ebft code. H\u1ea7u h\u1ebft m\u1ecdi ng\u01b0\u1eddi ch\u1ec9 d\u00f9ng n\u00f3 nh\u01b0 autocomplete th\u00f4ng minh h\u01a1n.<\/p>\n\t\t<\/div>\n\t\t\n\t\t<a class=\"elementor-post__read-more\" href=\"https:\/\/www.lntn203.com\/w\/moi-thu-claude-code-co-the-lam-ma-ban-chua-tung-thu\/\" aria-label=\"Read more about M\u1ecdi th\u1ee9 Claude Code c\u00f3 th\u1ec3 l\u00e0m m\u00e0 b\u1ea1n ch\u01b0a t\u1eebng th\u1eed\" tabindex=\"-1\" >\n\t\t\tRead More \u00bb\t\t<\/a>\n\n\t\t\t\t<\/div>\n\t\t\t\t<\/article>\n\t\t\t\t<article class=\"elementor-post elementor-grid-item post-26083 post type-post status-publish format-standard hentry category-uncategorized\">\n\t\t\t\t<div class=\"elementor-post__text\">\n\t\t\t\t<h3 class=\"elementor-post__title\">\n\t\t\t<a href=\"https:\/\/www.lntn203.com\/w\/senior-devops-engineer-interview-at-jiohotstar\/\" >\n\t\t\t\tSenior DevOps Engineer Interview at JioHotstar\t\t\t<\/a>\n\t\t<\/h3>\n\t\t\t\t<div class=\"elementor-post__meta-data\">\n\t\t\t\t\t<span class=\"elementor-post-date\">\n\t\t\tFebruary 27, 2026\t\t<\/span>\n\t\t\t\t<span class=\"elementor-post-avatar\">\n\t\t\tNo Comments\t\t<\/span>\n\t\t\t\t<\/div>\n\t\t\t\t<div class=\"elementor-post__excerpt\">\n\t\t\t<p>Round 1 \u2014 Streaming at Scale, Kubernetes, Cloud &amp; Linux (45 mins) Round 2 \u2014 RCA, Fire Drills &amp; Streaming Chaos (75 mins) Round 3<\/p>\n\t\t<\/div>\n\t\t\n\t\t<a class=\"elementor-post__read-more\" href=\"https:\/\/www.lntn203.com\/w\/senior-devops-engineer-interview-at-jiohotstar\/\" aria-label=\"Read more about Senior DevOps Engineer Interview at JioHotstar\" tabindex=\"-1\" >\n\t\t\tRead More \u00bb\t\t<\/a>\n\n\t\t\t\t<\/div>\n\t\t\t\t<\/article>\n\t\t\t\t<article class=\"elementor-post elementor-grid-item post-26082 post type-post status-publish format-standard hentry category-uncategorized\">\n\t\t\t\t<div class=\"elementor-post__text\">\n\t\t\t\t<h3 class=\"elementor-post__title\">\n\t\t\t<a href=\"https:\/\/www.lntn203.com\/w\/yeu-ban-than-la-chu-nghia-cua-cai-bay-tieu-dung-hocbahsk-hoctiengtrung\/\" >\n\t\t\t\tY\u00eau b\u1ea3n th\u00e2n l\u00e0 ch\u1ee7 ngh\u0129a c\u1ee7a c\u00e1i b\u1eaby ti\u00eau d\u00f9ng! #HocBaHSK  #HocTiengTrung\t\t\t<\/a>\n\t\t<\/h3>\n\t\t\t\t<div class=\"elementor-post__meta-data\">\n\t\t\t\t\t<span class=\"elementor-post-date\">\n\t\t\tFebruary 26, 2026\t\t<\/span>\n\t\t\t\t<span class=\"elementor-post-avatar\">\n\t\t\tNo Comments\t\t<\/span>\n\t\t\t\t<\/div>\n\t\t\t\t<div class=\"elementor-post__excerpt\">\n\t\t\t<p>https:\/\/www.facebook.com\/share\/v\/1Djkq3z78m\/?mibextid=wwXIfr &nbsp;<\/p>\n\t\t<\/div>\n\t\t\n\t\t<a class=\"elementor-post__read-more\" href=\"https:\/\/www.lntn203.com\/w\/yeu-ban-than-la-chu-nghia-cua-cai-bay-tieu-dung-hocbahsk-hoctiengtrung\/\" aria-label=\"Read more about Y\u00eau b\u1ea3n th\u00e2n l\u00e0 ch\u1ee7 ngh\u0129a c\u1ee7a c\u00e1i b\u1eaby ti\u00eau d\u00f9ng! #HocBaHSK  #HocTiengTrung\" tabindex=\"-1\" >\n\t\t\tRead More \u00bb\t\t<\/a>\n\n\t\t\t\t<\/div>\n\t\t\t\t<\/article>\n\t\t\t\t<article class=\"elementor-post elementor-grid-item post-26060 post type-post status-publish format-standard hentry category-uncategorized\">\n\t\t\t\t<div class=\"elementor-post__text\">\n\t\t\t\t<h3 class=\"elementor-post__title\">\n\t\t\t<a href=\"https:\/\/www.lntn203.com\/w\/phong-van-voi-ty-phu-bi-an-o-thung-lung-silicon\/\" >\n\t\t\t\tph\u1ecfng v\u1ea5n v\u1edbi t\u1ef7 ph\u00fa b\u00ed \u1ea9n \u1edf Thung l\u0169ng Silicon\t\t\t<\/a>\n\t\t<\/h3>\n\t\t\t\t<div class=\"elementor-post__meta-data\">\n\t\t\t\t\t<span class=\"elementor-post-date\">\n\t\t\tFebruary 26, 2026\t\t<\/span>\n\t\t\t\t<span class=\"elementor-post-avatar\">\n\t\t\tNo Comments\t\t<\/span>\n\t\t\t\t<\/div>\n\t\t\t\t<div class=\"elementor-post__excerpt\">\n\t\t\t<p>Tr\u1eddi!!! Nh\u1ea5t \u0111\u1ecbnh b\u1ea1n ph\u1ea3i xem video v\u1ec1 cu\u1ed9c ph\u1ecfng v\u1ea5n v\u1edbi t\u1ef7 ph\u00fa b\u00ed \u1ea9n \u1edf Thung l\u0169ng Silicon, Naval Ravikant, qu\u00e1 hay lu\u00f4n!!!<\/p>\n\t\t<\/div>\n\t\t\n\t\t<a class=\"elementor-post__read-more\" href=\"https:\/\/www.lntn203.com\/w\/phong-van-voi-ty-phu-bi-an-o-thung-lung-silicon\/\" aria-label=\"Read more about ph\u1ecfng v\u1ea5n v\u1edbi t\u1ef7 ph\u00fa b\u00ed \u1ea9n \u1edf Thung l\u0169ng Silicon\" tabindex=\"-1\" >\n\t\t\tRead More \u00bb\t\t<\/a>\n\n\t\t\t\t<\/div>\n\t\t\t\t<\/article>\n\t\t\t\t<article class=\"elementor-post elementor-grid-item post-25768 post type-post status-publish format-standard hentry category-uncategorized\">\n\t\t\t\t<div class=\"elementor-post__text\">\n\t\t\t\t<h3 class=\"elementor-post__title\">\n\t\t\t<a href=\"https:\/\/www.lntn203.com\/w\/nhin-cach-an-noi-biet-ro-noi-tam-mot-nguoi\/\" >\n\t\t\t\tNH\u00ccN C\u00c1CH \u0102N N\u00d3I, BI\u1ebeT R\u00d5 N\u1ed8I T\u00c2M M\u1ed8T NG\u01af\u1edcI.\t\t\t<\/a>\n\t\t<\/h3>\n\t\t\t\t<div class=\"elementor-post__meta-data\">\n\t\t\t\t\t<span class=\"elementor-post-date\">\n\t\t\tFebruary 24, 2026\t\t<\/span>\n\t\t\t\t<span class=\"elementor-post-avatar\">\n\t\t\tNo Comments\t\t<\/span>\n\t\t\t\t<\/div>\n\t\t\t\t<div class=\"elementor-post__excerpt\">\n\t\t\t<p>Ng\u01b0\u1eddi ta th\u01b0\u1eddng \u0111\u00e1nh gi\u00e1 ng\u01b0\u1eddi kh\u00e1c qua l\u1eddi n\u00f3i. Nh\u01b0ng \u00edt ai hi\u1ec3u r\u1eb1ng l\u1eddi n\u00f3i kh\u00f4ng ph\u1ea3i g\u1ed1c r\u1ec5. L\u1eddi n\u00f3i ch\u1ec9 l\u00e0<\/p>\n\t\t<\/div>\n\t\t\n\t\t<a class=\"elementor-post__read-more\" href=\"https:\/\/www.lntn203.com\/w\/nhin-cach-an-noi-biet-ro-noi-tam-mot-nguoi\/\" aria-label=\"Read more about NH\u00ccN C\u00c1CH \u0102N N\u00d3I, BI\u1ebeT R\u00d5 N\u1ed8I T\u00c2M M\u1ed8T NG\u01af\u1edcI.\" tabindex=\"-1\" >\n\t\t\tRead More \u00bb\t\t<\/a>\n\n\t\t\t\t<\/div>\n\t\t\t\t<\/article>\n\t\t\t\t<article class=\"elementor-post elementor-grid-item post-25677 post type-post status-publish format-standard hentry category-uncategorized\">\n\t\t\t\t<div class=\"elementor-post__text\">\n\t\t\t\t<h3 class=\"elementor-post__title\">\n\t\t\t<a href=\"https:\/\/www.lntn203.com\/w\/tuoi-ngo-2026\/\" >\n\t\t\t\tTu\u1ed5i Ng\u1ecd 2026\t\t\t<\/a>\n\t\t<\/h3>\n\t\t\t\t<div class=\"elementor-post__meta-data\">\n\t\t\t\t\t<span class=\"elementor-post-date\">\n\t\t\tJanuary 27, 2026\t\t<\/span>\n\t\t\t\t<span class=\"elementor-post-avatar\">\n\t\t\tNo Comments\t\t<\/span>\n\t\t\t\t<\/div>\n\t\t\t\t<div class=\"elementor-post__excerpt\">\n\t\t\t<p>Tu\u1ed5i Ng\u1ecd Theo c\u00e1c chuy\u00ean gia phong th\u1ee7y, tu\u1ed5i Ng\u1ecd l\u00e0 con gi\u00e1p lu\u00f4n t\u1ecfa s\u00e1ng t\u1eeb th\u1ea7n th\u00e1i, s\u1edf h\u1eefu tr\u00ed th\u00f4ng minh tuy\u1ec7t<\/p>\n\t\t<\/div>\n\t\t\n\t\t<a class=\"elementor-post__read-more\" href=\"https:\/\/www.lntn203.com\/w\/tuoi-ngo-2026\/\" aria-label=\"Read more about Tu\u1ed5i Ng\u1ecd 2026\" tabindex=\"-1\" >\n\t\t\tRead More \u00bb\t\t<\/a>\n\n\t\t\t\t<\/div>\n\t\t\t\t<\/article>\n\t\t\t\t<article class=\"elementor-post elementor-grid-item post-25578 post type-post status-publish format-standard hentry category-uncategorized\">\n\t\t\t\t<div class=\"elementor-post__text\">\n\t\t\t\t<h3 class=\"elementor-post__title\">\n\t\t\t<a href=\"https:\/\/www.lntn203.com\/w\/dung-sai-chi-la-tro-choi-cua-goc-nhin\/\" >\n\t\t\t\t\u0110\u00fang sai ch\u1ec9 l\u00e0 tr\u00f2 ch\u01a1i c\u1ee7a g\u00f3c nh\u00ecn\t\t\t<\/a>\n\t\t<\/h3>\n\t\t\t\t<div class=\"elementor-post__meta-data\">\n\t\t\t\t\t<span class=\"elementor-post-date\">\n\t\t\tJanuary 10, 2026\t\t<\/span>\n\t\t\t\t<span class=\"elementor-post-avatar\">\n\t\t\tNo Comments\t\t<\/span>\n\t\t\t\t<\/div>\n\t\t\t\t<div class=\"elementor-post__excerpt\">\n\t\t\t<p>KHI B\u1ea0N NU\u00d4I M\u1ed8T CON C\u00c1, n\u00f3 ch\u1ebft \u2014 b\u1ea1n bu\u1ed3n c\u1ea3 ng\u00e0y. Nh\u01b0ng khi b\u1ea1n nu\u00f4i m\u1ed9t ao c\u00e1, v\u00e0i con ch\u1ebft \u2014 b\u1ea1n<\/p>\n\t\t<\/div>\n\t\t\n\t\t<a class=\"elementor-post__read-more\" href=\"https:\/\/www.lntn203.com\/w\/dung-sai-chi-la-tro-choi-cua-goc-nhin\/\" aria-label=\"Read more about \u0110\u00fang sai ch\u1ec9 l\u00e0 tr\u00f2 ch\u01a1i c\u1ee7a g\u00f3c nh\u00ecn\" tabindex=\"-1\" >\n\t\t\tRead More \u00bb\t\t<\/a>\n\n\t\t\t\t<\/div>\n\t\t\t\t<\/article>\n\t\t\t\t<\/div>\n\t\t\n\t\t\t\t<div class=\"e-load-more-anchor\" data-page=\"1\" data-max-page=\"21\" data-next-page=\"https:\/\/www.lntn203.com\/w\/wp-json\/wp\/v2\/pages\/24247\/page\/2\/\"><\/div>\n\t\t\t\t<nav class=\"elementor-pagination\" aria-label=\"Pagination\">\n\t\t\t<span class=\"page-numbers prev\">&laquo; Previous<\/span>\n<span aria-current=\"page\" class=\"page-numbers current\"><span class=\"elementor-screen-only\">Page<\/span>1<\/span>\n<a class=\"page-numbers\" href=\"https:\/\/www.lntn203.com\/w\/wp-json\/wp\/v2\/pages\/24247\/page\/2\/\"><span class=\"elementor-screen-only\">Page<\/span>2<\/a>\n<a class=\"page-numbers\" href=\"https:\/\/www.lntn203.com\/w\/wp-json\/wp\/v2\/pages\/24247\/page\/3\/\"><span class=\"elementor-screen-only\">Page<\/span>3<\/a>\n<span class=\"page-numbers dots\">&hellip;<\/span>\n<a class=\"page-numbers\" href=\"https:\/\/www.lntn203.com\/w\/wp-json\/wp\/v2\/pages\/24247\/page\/5\/\"><span class=\"elementor-screen-only\">Page<\/span>5<\/a>\n<a class=\"page-numbers next\" href=\"https:\/\/www.lntn203.com\/w\/wp-json\/wp\/v2\/pages\/24247\/page\/2\/\">Next &raquo;<\/a>\t\t<\/nav>\n\t\t\t\t\t\t<\/div>\n\t\t\t\t<\/div>\n\t\t\t\t<\/div>\n\t\t\t\t<\/div>\n\t\t","protected":false},"excerpt":{"rendered":"","protected":false},"author":1,"featured_media":0,"parent":0,"menu_order":0,"comment_status":"closed","ping_status":"closed","template":"","meta":{"footnotes":""},"class_list":["post-24247","page","type-page","status-publish","hentry"],"_links":{"self":[{"href":"https:\/\/www.lntn203.com\/w\/wp-json\/wp\/v2\/pages\/24247","targetHints":{"allow":["GET"]}}],"collection":[{"href":"https:\/\/www.lntn203.com\/w\/wp-json\/wp\/v2\/pages"}],"about":[{"href":"https:\/\/www.lntn203.com\/w\/wp-json\/wp\/v2\/types\/page"}],"author":[{"embeddable":true,"href":"https:\/\/www.lntn203.com\/w\/wp-json\/wp\/v2\/users\/1"}],"replies":[{"embeddable":true,"href":"https:\/\/www.lntn203.com\/w\/wp-json\/wp\/v2\/comments?post=24247"}],"version-history":[{"count":34,"href":"https:\/\/www.lntn203.com\/w\/wp-json\/wp\/v2\/pages\/24247\/revisions"}],"predecessor-version":[{"id":24723,"href":"https:\/\/www.lntn203.com\/w\/wp-json\/wp\/v2\/pages\/24247\/revisions\/24723"}],"wp:attachment":[{"href":"https:\/\/www.lntn203.com\/w\/wp-json\/wp\/v2\/media?parent=24247"}],"curies":[{"name":"wp","href":"https:\/\/api.w.org\/{rel}","templated":true}]}}